{"id":4445,"date":"2024-07-26T15:06:23","date_gmt":"2024-07-26T13:06:23","guid":{"rendered":"https:\/\/www.hotel-le-biarritz.com\/?page_id=4445"},"modified":"2024-07-26T15:07:41","modified_gmt":"2024-07-26T13:07:41","slug":"thalasso-biarritz","status":"publish","type":"page","link":"https:\/\/www.hotel-le-biarritz.com\/en\/tourisme-activites-biarritz\/thalasso-biarritz\/","title":{"rendered":"Thalasso Biarritz"},"content":{"rendered":"<div data-elementor-type=\"wp-page\" data-elementor-id=\"4445\" class=\"elementor elementor-4445\" data-elementor-post-type=\"page\">\n\t\t\t\t<div class=\"elementor-element elementor-element-79d130a e-con-full e-flex e-con e-parent\" data-id=\"79d130a\" data-element_type=\"container\" data-e-type=\"container\" data-settings=\"{&quot;background_background&quot;:&quot;classic&quot;}\">\n\t\t<div class=\"elementor-element elementor-element-9c2133d e-flex e-con-boxed e-con e-child\" data-id=\"9c2133d\" data-element_type=\"container\" data-e-type=\"container\">\n\t\t\t\t\t<div class=\"e-con-inner\">\n\t\t\t\t<div class=\"elementor-element elementor-element-84d27a8 elementor-widget elementor-widget-heading\" data-id=\"84d27a8\" data-element_type=\"widget\" data-e-type=\"widget\" data-widget_type=\"heading.default\">\n\t\t\t\t<div class=\"elementor-widget-container\">\n\t\t\t\t\t<h1 class=\"elementor-heading-title elementor-size-default\">Thalasso Biarritz: well-being as a destination\n<\/h1>\t\t\t\t<\/div>\n\t\t\t\t<\/div>\n\t\t\t\t<div class=\"elementor-element elementor-element-f63eed9 elementor-view-default elementor-widget elementor-widget-icon\" data-id=\"f63eed9\" data-element_type=\"widget\" data-e-type=\"widget\" data-widget_type=\"icon.default\">\n\t\t\t\t<div class=\"elementor-widget-container\">\n\t\t\t\t\t\t\t<div class=\"elementor-icon-wrapper\">\n\t\t\t<div class=\"elementor-icon\">\n\t\t\t<svg xmlns=\"http:\/\/www.w3.org\/2000\/svg\" width=\"4721\" height=\"1024\" viewbox=\"0 0 4721 1024\"><title><\/title><g id=\"icomoon-ignore\"><\/g><path d=\"M4719.542 686.137c-14.578-16.391-29.63-30.797-45.731-43.933l-0.218-0.176c-122.573-60.482-570.066-175.569-966.051-221.99-367.583-47.829-787.155-60.53-1213.579-30.621-77.228 5.417-154.039 12.186-230.41 20.283l11.070-1.091c-681.528 68.27-1275.654 115.060-1579.65 85.212-377.404-36.852-611.317-125.343-675.959-162.385l-7.504 2.445c141.201 115.371 309.437 199.358 492.55 241.439l8.695 1.64c377.96 99.496 793.208 119.621 1398.815 54.117 647.481-70.36 1808.145-238.118 2823.135 70.626z\"><\/path><\/svg>\t\t\t<\/div>\n\t\t<\/div>\n\t\t\t\t\t\t<\/div>\n\t\t\t\t<\/div>\n\t\t\t\t\t<\/div>\n\t\t\t\t<\/div>\n\t\t\t\t<\/div>\n\t\t<div class=\"elementor-element elementor-element-afe7dfb e-flex e-con-boxed e-con e-parent\" data-id=\"afe7dfb\" data-element_type=\"container\" data-e-type=\"container\">\n\t\t\t\t\t<div class=\"e-con-inner\">\n\t\t\t\t<div class=\"elementor-element elementor-element-c94f5f1 elementor-widget elementor-widget-text-editor\" data-id=\"c94f5f1\" data-element_type=\"widget\" data-e-type=\"widget\" data-widget_type=\"text-editor.default\">\n\t\t\t\t<div class=\"elementor-widget-container\">\n\t\t\t\t\t\t\t\t\t<p>Plunge your gaze into the deep blue of the Atlantic Ocean and let yourself be captivated by this fascinating spectacle in our thalassotherapy centre in Biarritz. Welcome to the <a href=\"https:\/\/www.thalmar.com\/\" rel=\"nofollow noopener\" target=\"_blank\">Thalmar centre<\/a>This is where seawater, combined with the very best treatment protocols, guarantees unique moments of relaxation and well-being.<\/p>\t\t\t\t\t\t\t\t<\/div>\n\t\t\t\t<\/div>\n\t\t\t\t\t<\/div>\n\t\t\t\t<\/div>\n\t\t<div class=\"elementor-element elementor-element-5d8cd1f e-con-full e-flex e-con e-parent\" data-id=\"5d8cd1f\" data-element_type=\"container\" data-e-type=\"container\">\n\t\t<div class=\"elementor-element elementor-element-136b967 e-con-full e-flex e-con e-child\" data-id=\"136b967\" data-element_type=\"container\" data-e-type=\"container\">\n\t\t<div class=\"elementor-element elementor-element-b1f020a e-flex e-con-boxed e-con e-child\" data-id=\"b1f020a\" data-element_type=\"container\" data-e-type=\"container\" data-settings=\"{&quot;background_background&quot;:&quot;classic&quot;}\">\n\t\t\t\t\t<div class=\"e-con-inner\">\n\t\t\t\t<div class=\"elementor-element elementor-element-5d253c0 elementor-widget elementor-widget-image\" data-id=\"5d253c0\" data-element_type=\"widget\" data-e-type=\"widget\" data-widget_type=\"image.default\">\n\t\t\t\t<div class=\"elementor-widget-container\">\n\t\t\t\t\t\t\t\t\t\t\t\t\t\t\t<img fetchpriority=\"high\" decoding=\"async\" width=\"1253\" height=\"836\" src=\"https:\/\/www.hotel-le-biarritz.com\/wp-content\/uploads\/2023\/09\/iStock-1399160728.jpg\" class=\"attachment-full size-full wp-image-3251\" alt=\"\" srcset=\"https:\/\/www.hotel-le-biarritz.com\/wp-content\/uploads\/2023\/09\/iStock-1399160728.jpg 1253w, https:\/\/www.hotel-le-biarritz.com\/wp-content\/uploads\/2023\/09\/iStock-1399160728-300x200.jpg 300w, https:\/\/www.hotel-le-biarritz.com\/wp-content\/uploads\/2023\/09\/iStock-1399160728-1024x683.jpg 1024w, https:\/\/www.hotel-le-biarritz.com\/wp-content\/uploads\/2023\/09\/iStock-1399160728-768x512.jpg 768w, https:\/\/www.hotel-le-biarritz.com\/wp-content\/uploads\/2023\/09\/iStock-1399160728-18x12.jpg 18w\" sizes=\"(max-width: 1253px) 100vw, 1253px\" title=\"\">\t\t\t\t\t\t\t\t\t\t\t\t\t\t\t<\/div>\n\t\t\t\t<\/div>\n\t\t\t\t\t<\/div>\n\t\t\t\t<\/div>\n\t\t\t\t<\/div>\n\t\t<div class=\"elementor-element elementor-element-154eaa3 e-con-full e-flex e-con e-child\" data-id=\"154eaa3\" data-element_type=\"container\" data-e-type=\"container\" data-settings=\"{&quot;background_background&quot;:&quot;classic&quot;}\">\n\t\t\t\t<div class=\"elementor-element elementor-element-bdac826 elementor-widget elementor-widget-heading\" data-id=\"bdac826\" data-element_type=\"widget\" data-e-type=\"widget\" data-widget_type=\"heading.default\">\n\t\t\t\t<div class=\"elementor-widget-container\">\n\t\t\t\t\t<h2 class=\"elementor-heading-title elementor-size-default\">The benefits of seawater\n<\/h2>\t\t\t\t<\/div>\n\t\t\t\t<\/div>\n\t\t\t\t<div class=\"elementor-element elementor-element-1e74def elementor-widget elementor-widget-text-editor\" data-id=\"1e74def\" data-element_type=\"widget\" data-e-type=\"widget\" data-widget_type=\"text-editor.default\">\n\t\t\t\t<div class=\"elementor-widget-container\">\n\t\t\t\t\t\t\t\t\t<p>Seawater, an inexhaustible source of vitality, is at the heart of every experience at our spa in the heart of France. <a href=\"https:\/\/www.hotel-le-biarritz.com\/en\/thalmar-biarritz-thalasso\/\">thalasso in Biarritz<\/a>. Our targeted treatments draw on the mineral and trace element treasures of the Atlantic Ocean to offer you intense regeneration. Immerse yourself in our heated pool to stimulate circulation and soothe muscle tension. Let the seaweed and mud applications purify and nourish your skin deep down. Affusion showers, gentle cascades of sea water, revitalise and create the ultimate sense of well-being. After your thalassotherapy treatments, prolong the iodine pleasures in the ocean waves. A refreshing swim awaits you at the splendid Marbella beach, just a few hundred metres from the Thalmar centre.<\/p>\t\t\t\t\t\t\t\t<\/div>\n\t\t\t\t<\/div>\n\t\t\t\t<\/div>\n\t\t\t\t<\/div>\n\t\t<div class=\"elementor-element elementor-element-538bc11 e-flex e-con-boxed e-con e-parent\" data-id=\"538bc11\" data-element_type=\"container\" data-e-type=\"container\">\n\t\t\t\t\t<div class=\"e-con-inner\">\n\t\t<div class=\"elementor-element elementor-element-b1cbfd2 e-con-full e-flex e-con e-child\" data-id=\"b1cbfd2\" data-element_type=\"container\" data-e-type=\"container\">\n\t\t\t\t<div class=\"elementor-element elementor-element-374e43c elementor-widget elementor-widget-heading\" data-id=\"374e43c\" data-element_type=\"widget\" data-e-type=\"widget\" data-widget_type=\"heading.default\">\n\t\t\t\t<div class=\"elementor-widget-container\">\n\t\t\t\t\t<h2 class=\"elementor-heading-title elementor-size-default\">The thalasso version of \u00e0 la carte well-being in Biarritz <\/h2>\t\t\t\t<\/div>\n\t\t\t\t<\/div>\n\t\t\t\t<div class=\"elementor-element elementor-element-0a8ecd3 elementor-widget elementor-widget-text-editor\" data-id=\"0a8ecd3\" data-element_type=\"widget\" data-e-type=\"widget\" data-widget_type=\"text-editor.default\">\n\t\t\t\t<div class=\"elementor-widget-container\">\n\t\t\t\t\t\t\t\t\t<p>At the Thalmar thalasso centre, getting back into shape is all about personalisation. Through a <a href=\"https:\/\/boutique-cadeaux.biarritz-thalasso.com\/thalmar\/\" rel=\"nofollow noopener\" target=\"_blank\">a wide range of treatments and formulas<\/a>Find your own version of well-being. Whether you choose a multi-day treatment or a spa day in Biarritz, for example, you'll be completely immersed in a world dedicated to relaxation. Explore our relaxation rituals that combine traditional therapies with innovative approaches, creating a holistic experience. Choose from a range of treatments designed to meet your specific needs. Our experienced practitioners use soothing massage techniques to relax muscles and release energy blockages.\u00a0<\/p><p>Because we think of fitness as a global approach, our Biarritz thalasso centre has a space with state-of-the-art facilities to tone your body facing the ocean. You'll find classes in a variety of disciplines in the Archipel pool and in the Carr\u00e9 Fitness, a room equipped with the latest technology machines, to vary the pleasures of sport. What's more, the Ibis Styles Biarritz Plage hotel is just 150 metres from the Thalmar centre. Your exceptional stay continues beyond the treatments and hydrotherapy, thanks to the comfort and quality services of your three-star accommodation.<\/p>\t\t\t\t\t\t\t\t<\/div>\n\t\t\t\t<\/div>\n\t\t\t\t<\/div>\n\t\t<div class=\"elementor-element elementor-element-0ba5cef e-con-full e-flex e-con e-child\" data-id=\"0ba5cef\" data-element_type=\"container\" data-e-type=\"container\">\n\t\t<div class=\"elementor-element elementor-element-7e52ef6 e-flex e-con-boxed e-con e-child\" data-id=\"7e52ef6\" data-element_type=\"container\" data-e-type=\"container\">\n\t\t\t\t\t<div class=\"e-con-inner\">\n\t\t\t\t<div class=\"elementor-element elementor-element-27b5124 elementor-widget__width-auto elementor-widget elementor-widget-image\" data-id=\"27b5124\" data-element_type=\"widget\" data-e-type=\"widget\" data-widget_type=\"image.default\">\n\t\t\t\t<div class=\"elementor-widget-container\">\n\t\t\t\t\t\t\t\t\t\t\t\t\t\t\t<img decoding=\"async\" width=\"800\" height=\"531\" src=\"https:\/\/www.hotel-le-biarritz.com\/wp-content\/uploads\/2023\/09\/iStock-994810170-1024x680.jpg\" class=\"attachment-large size-large wp-image-3384\" alt=\"\" srcset=\"https:\/\/www.hotel-le-biarritz.com\/wp-content\/uploads\/2023\/09\/iStock-994810170-1024x680.jpg 1024w, https:\/\/www.hotel-le-biarritz.com\/wp-content\/uploads\/2023\/09\/iStock-994810170-300x199.jpg 300w, https:\/\/www.hotel-le-biarritz.com\/wp-content\/uploads\/2023\/09\/iStock-994810170-768x510.jpg 768w, https:\/\/www.hotel-le-biarritz.com\/wp-content\/uploads\/2023\/09\/iStock-994810170-18x12.jpg 18w, https:\/\/www.hotel-le-biarritz.com\/wp-content\/uploads\/2023\/09\/iStock-994810170.jpg 1257w\" sizes=\"(max-width: 800px) 100vw, 800px\" title=\"\">\t\t\t\t\t\t\t\t\t\t\t\t\t\t\t<\/div>\n\t\t\t\t<\/div>\n\t\t\t\t<div class=\"elementor-element elementor-element-3bc4840 elementor-widget__width-auto elementor-widget elementor-widget-image\" data-id=\"3bc4840\" data-element_type=\"widget\" data-e-type=\"widget\" data-widget_type=\"image.default\">\n\t\t\t\t<div class=\"elementor-widget-container\">\n\t\t\t\t\t\t\t\t\t\t\t\t\t\t\t<img decoding=\"async\" width=\"800\" height=\"532\" src=\"https:\/\/www.hotel-le-biarritz.com\/wp-content\/uploads\/2023\/09\/iStock-144110459-1024x681.jpg\" class=\"attachment-large size-large wp-image-3258\" alt=\"\" srcset=\"https:\/\/www.hotel-le-biarritz.com\/wp-content\/uploads\/2023\/09\/iStock-144110459-1024x681.jpg 1024w, https:\/\/www.hotel-le-biarritz.com\/wp-content\/uploads\/2023\/09\/iStock-144110459-300x200.jpg 300w, https:\/\/www.hotel-le-biarritz.com\/wp-content\/uploads\/2023\/09\/iStock-144110459-768x511.jpg 768w, https:\/\/www.hotel-le-biarritz.com\/wp-content\/uploads\/2023\/09\/iStock-144110459-18x12.jpg 18w, https:\/\/www.hotel-le-biarritz.com\/wp-content\/uploads\/2023\/09\/iStock-144110459.jpg 1255w\" sizes=\"(max-width: 800px) 100vw, 800px\" title=\"\">\t\t\t\t\t\t\t\t\t\t\t\t\t\t\t<\/div>\n\t\t\t\t<\/div>\n\t\t\t\t\t<\/div>\n\t\t\t\t<\/div>\n\t\t<div class=\"elementor-element elementor-element-f9a4aea e-flex e-con-boxed e-con e-child\" data-id=\"f9a4aea\" data-element_type=\"container\" data-e-type=\"container\">\n\t\t\t\t\t<div class=\"e-con-inner\">\n\t\t\t\t<div class=\"elementor-element elementor-element-c3f42de elementor-widget__width-auto elementor-widget elementor-widget-image\" data-id=\"c3f42de\" data-element_type=\"widget\" data-e-type=\"widget\" data-widget_type=\"image.default\">\n\t\t\t\t<div class=\"elementor-widget-container\">\n\t\t\t\t\t\t\t\t\t\t\t\t\t\t\t<img loading=\"lazy\" decoding=\"async\" width=\"800\" height=\"901\" src=\"https:\/\/www.hotel-le-biarritz.com\/wp-content\/uploads\/2023\/09\/iStock-119638363-909x1024.jpg\" class=\"attachment-large size-large wp-image-3380\" alt=\"\" srcset=\"https:\/\/www.hotel-le-biarritz.com\/wp-content\/uploads\/2023\/09\/iStock-119638363-909x1024.jpg 909w, https:\/\/www.hotel-le-biarritz.com\/wp-content\/uploads\/2023\/09\/iStock-119638363-266x300.jpg 266w, https:\/\/www.hotel-le-biarritz.com\/wp-content\/uploads\/2023\/09\/iStock-119638363-768x865.jpg 768w, https:\/\/www.hotel-le-biarritz.com\/wp-content\/uploads\/2023\/09\/iStock-119638363-11x12.jpg 11w, https:\/\/www.hotel-le-biarritz.com\/wp-content\/uploads\/2023\/09\/iStock-119638363.jpg 965w\" sizes=\"(max-width: 800px) 100vw, 800px\" title=\"\">\t\t\t\t\t\t\t\t\t\t\t\t\t\t\t<\/div>\n\t\t\t\t<\/div>\n\t\t\t\t\t<\/div>\n\t\t\t\t<\/div>\n\t\t\t\t<\/div>\n\t\t\t\t\t<\/div>\n\t\t\t\t<\/div>\n\t\t<div class=\"elementor-element elementor-element-82819f1 e-con-full e-flex e-con e-parent\" data-id=\"82819f1\" data-element_type=\"container\" data-e-type=\"container\">\n\t\t<div class=\"elementor-element elementor-element-6bbccd3 e-con-full e-flex e-con e-child\" data-id=\"6bbccd3\" data-element_type=\"container\" data-e-type=\"container\">\n\t\t<div class=\"elementor-element elementor-element-2ba3558 e-flex e-con-boxed e-con e-child\" data-id=\"2ba3558\" data-element_type=\"container\" data-e-type=\"container\" data-settings=\"{&quot;background_background&quot;:&quot;classic&quot;}\">\n\t\t\t\t\t<div class=\"e-con-inner\">\n\t\t\t\t<div class=\"elementor-element elementor-element-08c9809 elementor-widget elementor-widget-image\" data-id=\"08c9809\" data-element_type=\"widget\" data-e-type=\"widget\" data-widget_type=\"image.default\">\n\t\t\t\t<div class=\"elementor-widget-container\">\n\t\t\t\t\t\t\t\t\t\t\t\t\t\t\t<img loading=\"lazy\" decoding=\"async\" width=\"2121\" height=\"1414\" src=\"https:\/\/www.hotel-le-biarritz.com\/wp-content\/uploads\/2024\/07\/Marina-de-Biarritz.jpg\" class=\"attachment-full size-full wp-image-4449\" alt=\"\" srcset=\"https:\/\/www.hotel-le-biarritz.com\/wp-content\/uploads\/2024\/07\/Marina-de-Biarritz.jpg 2121w, https:\/\/www.hotel-le-biarritz.com\/wp-content\/uploads\/2024\/07\/Marina-de-Biarritz-300x200.jpg 300w, https:\/\/www.hotel-le-biarritz.com\/wp-content\/uploads\/2024\/07\/Marina-de-Biarritz-1024x683.jpg 1024w, https:\/\/www.hotel-le-biarritz.com\/wp-content\/uploads\/2024\/07\/Marina-de-Biarritz-768x512.jpg 768w, https:\/\/www.hotel-le-biarritz.com\/wp-content\/uploads\/2024\/07\/Marina-de-Biarritz-1536x1024.jpg 1536w, https:\/\/www.hotel-le-biarritz.com\/wp-content\/uploads\/2024\/07\/Marina-de-Biarritz-2048x1365.jpg 2048w, https:\/\/www.hotel-le-biarritz.com\/wp-content\/uploads\/2024\/07\/Marina-de-Biarritz-18x12.jpg 18w\" sizes=\"(max-width: 2121px) 100vw, 2121px\" title=\"\">\t\t\t\t\t\t\t\t\t\t\t\t\t\t\t<\/div>\n\t\t\t\t<\/div>\n\t\t\t\t\t<\/div>\n\t\t\t\t<\/div>\n\t\t\t\t<\/div>\n\t\t<div class=\"elementor-element elementor-element-8136174 e-con-full e-flex e-con e-child\" data-id=\"8136174\" data-element_type=\"container\" data-e-type=\"container\" data-settings=\"{&quot;background_background&quot;:&quot;classic&quot;}\">\n\t\t\t\t<div class=\"elementor-element elementor-element-cdc1788 elementor-widget elementor-widget-heading\" data-id=\"cdc1788\" data-element_type=\"widget\" data-e-type=\"widget\" data-widget_type=\"heading.default\">\n\t\t\t\t<div class=\"elementor-widget-container\">\n\t\t\t\t\t<h2 class=\"elementor-heading-title elementor-size-default\">The pearl of the Basque Coast, Biarritz and its many facets<\/h2>\t\t\t\t<\/div>\n\t\t\t\t<\/div>\n\t\t\t\t<div class=\"elementor-element elementor-element-c958e16 elementor-widget elementor-widget-text-editor\" data-id=\"c958e16\" data-element_type=\"widget\" data-e-type=\"widget\" data-widget_type=\"text-editor.default\">\n\t\t\t\t<div class=\"elementor-widget-container\">\n\t\t\t\t\t\t\t\t\t<p>Biarritz adds an exceptional touch to your thalassotherapy experience. The Bay of Biscay is home to this glittering pearl of the Basque Coast, located 25 kilometres from the Spanish border. Between <a href=\"https:\/\/www.hotel-le-biarritz.com\/en\/tourism-activities-biarritz\/\">cultural richness and natural beauty<\/a>This seaside resort on the Atlantic coast has been attracting holidaymakers since the 18th century. Take a stroll along the picturesque streets of the town centre, steeped in an authentic atmosphere. Then, discover the town's prestigious past by visiting historic sites such as the lighthouse and the Rocher de la Vierge. They proudly overlook the cliffs where the waves break in a never-ending frenzy. Also, enjoy the gastronomic scene of the Basque Country, savouring local specialities at the tables of the restaurants. Later, admire the sunset along the C\u00f4te des Basques, for a spectacular end to the day. The elegance and energy emanating from the area will contribute to your well-being, during your stay or a simple thalasso stopover in Biarritz.<\/p>\t\t\t\t\t\t\t\t<\/div>\n\t\t\t\t<\/div>\n\t\t\t\t<\/div>\n\t\t\t\t<\/div>\n\t\t<div class=\"elementor-element elementor-element-350e1f7 e-con-full e-flex e-con e-parent\" data-id=\"350e1f7\" data-element_type=\"container\" data-e-type=\"container\">\n\t\t<div class=\"elementor-element elementor-element-6b5a842 e-con-full e-flex e-con e-child\" data-id=\"6b5a842\" data-element_type=\"container\" data-e-type=\"container\">\n\t\t\t\t<div class=\"elementor-element elementor-element-d6d64f1 elementor-widget elementor-widget-heading\" data-id=\"d6d64f1\" data-element_type=\"widget\" data-e-type=\"widget\" data-widget_type=\"heading.default\">\n\t\t\t\t<div class=\"elementor-widget-container\">\n\t\t\t\t\t<h2 class=\"elementor-heading-title elementor-size-default\">Find out more <\/h2>\t\t\t\t<\/div>\n\t\t\t\t<\/div>\n\t\t\t\t<div class=\"elementor-element elementor-element-0ff7496 elementor-view-default elementor-widget elementor-widget-icon\" data-id=\"0ff7496\" data-element_type=\"widget\" data-e-type=\"widget\" data-widget_type=\"icon.default\">\n\t\t\t\t<div class=\"elementor-widget-container\">\n\t\t\t\t\t\t\t<div class=\"elementor-icon-wrapper\">\n\t\t\t<div class=\"elementor-icon\">\n\t\t\t<svg xmlns=\"http:\/\/www.w3.org\/2000\/svg\" width=\"4721\" height=\"1024\" viewbox=\"0 0 4721 1024\"><title><\/title><g id=\"icomoon-ignore\"><\/g><path d=\"M4719.542 686.137c-14.578-16.391-29.63-30.797-45.731-43.933l-0.218-0.176c-122.573-60.482-570.066-175.569-966.051-221.99-367.583-47.829-787.155-60.53-1213.579-30.621-77.228 5.417-154.039 12.186-230.41 20.283l11.070-1.091c-681.528 68.27-1275.654 115.060-1579.65 85.212-377.404-36.852-611.317-125.343-675.959-162.385l-7.504 2.445c141.201 115.371 309.437 199.358 492.55 241.439l8.695 1.64c377.96 99.496 793.208 119.621 1398.815 54.117 647.481-70.36 1808.145-238.118 2823.135 70.626z\"><\/path><\/svg>\t\t\t<\/div>\n\t\t<\/div>\n\t\t\t\t\t\t<\/div>\n\t\t\t\t<\/div>\n\t\t\t\t<\/div>\n\t\t<div class=\"elementor-element elementor-element-07b21db e-con-full e-flex e-con e-child\" data-id=\"07b21db\" data-element_type=\"container\" data-e-type=\"container\">\n\t\t\t\t<div class=\"elementor-element elementor-element-402db58 elementor-cta--skin-cover elementor-widget__width-auto cta-fond-anim btn-cta-wave elementor-widget elementor-widget-call-to-action\" data-id=\"402db58\" data-element_type=\"widget\" data-e-type=\"widget\" data-widget_type=\"call-to-action.default\">\n\t\t\t\t<div class=\"elementor-widget-container\">\n\t\t\t\t\t\t\t<div class=\"elementor-cta\">\n\t\t\t\t\t<div class=\"elementor-cta__bg-wrapper\">\n\t\t\t\t<div class=\"elementor-cta__bg elementor-bg\" style=\"background-image: url(https:\/\/www.hotel-le-biarritz.com\/wp-content\/uploads\/2023\/09\/iStock-1455242825-1024x683.jpg);\" role=\"img\" aria-label=\"January 4, 2023. Bali, Indonesia. Man in tropical ocean during surfing. Surfer ride on surfboard on blue wave.\"><\/div>\n\t\t\t\t<div class=\"elementor-cta__bg-overlay\"><\/div>\n\t\t\t<\/div>\n\t\t\t\t\t\t\t<div class=\"elementor-cta__content\">\n\t\t\t\t\n\t\t\t\t\t\t\t\t\t<h2 class=\"elementor-cta__title elementor-cta__content-item elementor-content-item\">\n\t\t\t\t\t\tSurfing in Biarritz\t\t\t\t\t<\/h2>\n\t\t\t\t\n\t\t\t\t\n\t\t\t\t\t\t\t\t\t<div class=\"elementor-cta__button-wrapper elementor-cta__content-item elementor-content-item\">\n\t\t\t\t\t<a class=\"elementor-cta__button elementor-button elementor-size-\" href=\"https:\/\/www.hotel-le-biarritz.com\/en\/tourisme-activites-biarritz\/le-surf-a-biarritz\/\">\n\t\t\t\t\t\tFind out more\t\t\t\t\t<\/a>\n\t\t\t\t\t<\/div>\n\t\t\t\t\t\t\t<\/div>\n\t\t\t\t\t\t<\/div>\n\t\t\t\t\t\t<\/div>\n\t\t\t\t<\/div>\n\t\t\t\t<\/div>\n\t\t<div class=\"elementor-element elementor-element-cb3b259 e-con-full e-flex e-con e-child\" data-id=\"cb3b259\" data-element_type=\"container\" data-e-type=\"container\">\n\t\t\t\t<div class=\"elementor-element elementor-element-288d29c elementor-cta--skin-cover elementor-widget__width-auto cta-fond-anim btn-cta-wave elementor-widget elementor-widget-call-to-action\" data-id=\"288d29c\" data-element_type=\"widget\" data-e-type=\"widget\" data-widget_type=\"call-to-action.default\">\n\t\t\t\t<div class=\"elementor-widget-container\">\n\t\t\t\t\t\t\t<div class=\"elementor-cta\">\n\t\t\t\t\t<div class=\"elementor-cta__bg-wrapper\">\n\t\t\t\t<div class=\"elementor-cta__bg elementor-bg\" style=\"background-image: url(https:\/\/www.hotel-le-biarritz.com\/wp-content\/uploads\/2023\/09\/iStock-1145421442-1024x683.jpg);\" role=\"img\" aria-label=\"Phare de Biarritz is a lighthouse in Biarritz city in France\"><\/div>\n\t\t\t\t<div class=\"elementor-cta__bg-overlay\"><\/div>\n\t\t\t<\/div>\n\t\t\t\t\t\t\t<div class=\"elementor-cta__content\">\n\t\t\t\t\n\t\t\t\t\t\t\t\t\t<h2 class=\"elementor-cta__title elementor-cta__content-item elementor-content-item\">\n\t\t\t\t\t\tCulture &amp; Heritage\t\t\t\t\t<\/h2>\n\t\t\t\t\n\t\t\t\t\n\t\t\t\t\t\t\t\t\t<div class=\"elementor-cta__button-wrapper elementor-cta__content-item elementor-content-item\">\n\t\t\t\t\t<a class=\"elementor-cta__button elementor-button elementor-size-\" href=\"https:\/\/www.hotel-le-biarritz.com\/en\/tourisme-activites-biarritz\/culture-patrimoine-que-faire-a-biarritz\/\">\n\t\t\t\t\t\tFind out more\t\t\t\t\t<\/a>\n\t\t\t\t\t<\/div>\n\t\t\t\t\t\t\t<\/div>\n\t\t\t\t\t\t<\/div>\n\t\t\t\t\t\t<\/div>\n\t\t\t\t<\/div>\n\t\t\t\t<\/div>\n\t\t<div class=\"elementor-element elementor-element-574ea96 e-con-full e-flex e-con e-child\" data-id=\"574ea96\" data-element_type=\"container\" data-e-type=\"container\">\n\t\t\t\t<div class=\"elementor-element elementor-element-95bf07d elementor-cta--skin-cover elementor-widget__width-auto cta-fond-anim btn-cta-wave elementor-widget elementor-widget-call-to-action\" data-id=\"95bf07d\" data-element_type=\"widget\" data-e-type=\"widget\" data-widget_type=\"call-to-action.default\">\n\t\t\t\t<div class=\"elementor-widget-container\">\n\t\t\t\t\t\t\t<div class=\"elementor-cta\">\n\t\t\t\t\t<div class=\"elementor-cta__bg-wrapper\">\n\t\t\t\t<div class=\"elementor-cta__bg elementor-bg\" style=\"background-image: url(https:\/\/www.hotel-le-biarritz.com\/wp-content\/uploads\/2023\/09\/iStock-1187808826-1024x576.jpg);\" role=\"img\" aria-label=\"She looks out to mountain ranges in distance\"><\/div>\n\t\t\t\t<div class=\"elementor-cta__bg-overlay\"><\/div>\n\t\t\t<\/div>\n\t\t\t\t\t\t\t<div class=\"elementor-cta__content\">\n\t\t\t\t\n\t\t\t\t\t\t\t\t\t<h2 class=\"elementor-cta__title elementor-cta__content-item elementor-content-item\">\n\t\t\t\t\t\tWalks in the Basque Country\t\t\t\t\t<\/h2>\n\t\t\t\t\n\t\t\t\t\n\t\t\t\t\t\t\t\t\t<div class=\"elementor-cta__button-wrapper elementor-cta__content-item elementor-content-item\">\n\t\t\t\t\t<a class=\"elementor-cta__button elementor-button elementor-size-\" href=\"https:\/\/www.hotel-le-biarritz.com\/en\/tourisme-activites-biarritz\/promenades-pays-basque-visiter-biarritz\/\">\n\t\t\t\t\t\tFind out more\t\t\t\t\t<\/a>\n\t\t\t\t\t<\/div>\n\t\t\t\t\t\t\t<\/div>\n\t\t\t\t\t\t<\/div>\n\t\t\t\t\t\t<\/div>\n\t\t\t\t<\/div>\n\t\t\t\t<\/div>\n\t\t\t\t<\/div>\n\t\t\t\t<\/div>","protected":false},"excerpt":{"rendered":"<p>Thalasso Biarritz : le bien-\u00eatre comme destination Plongez votre regard dans le bleu profond de l\u2019oc\u00e9an Atlantique, laissez-vous aller face \u00e0 ce spectacle fascinant, au sein de notre espace thalasso \u00e0 Biarritz. Bienvenue au centre Thalmar, o\u00f9 l\u2019eau de mer, associ\u00e9e aux meilleurs protocoles de soins, vous garantit des moments uniques, entre relaxation et bien-\u00eatre. [&hellip;]<\/p>\n","protected":false},"author":21,"featured_media":0,"parent":365,"menu_order":0,"comment_status":"closed","ping_status":"closed","template":"","meta":{"inline_featured_image":false,"footnotes":""},"class_list":["post-4445","page","type-page","status-publish","hentry"],"_links":{"self":[{"href":"https:\/\/www.hotel-le-biarritz.com\/en\/wp-json\/wp\/v2\/pages\/4445","targetHints":{"allow":["GET"]}}],"collection":[{"href":"https:\/\/www.hotel-le-biarritz.com\/en\/wp-json\/wp\/v2\/pages"}],"about":[{"href":"https:\/\/www.hotel-le-biarritz.com\/en\/wp-json\/wp\/v2\/types\/page"}],"author":[{"embeddable":true,"href":"https:\/\/www.hotel-le-biarritz.com\/en\/wp-json\/wp\/v2\/users\/21"}],"replies":[{"embeddable":true,"href":"https:\/\/www.hotel-le-biarritz.com\/en\/wp-json\/wp\/v2\/comments?post=4445"}],"version-history":[{"count":10,"href":"https:\/\/www.hotel-le-biarritz.com\/en\/wp-json\/wp\/v2\/pages\/4445\/revisions"}],"predecessor-version":[{"id":4459,"href":"https:\/\/www.hotel-le-biarritz.com\/en\/wp-json\/wp\/v2\/pages\/4445\/revisions\/4459"}],"up":[{"embeddable":true,"href":"https:\/\/www.hotel-le-biarritz.com\/en\/wp-json\/wp\/v2\/pages\/365"}],"wp:attachment":[{"href":"https:\/\/www.hotel-le-biarritz.com\/en\/wp-json\/wp\/v2\/media?parent=4445"}],"curies":[{"name":"wp","href":"https:\/\/api.w.org\/{rel}","templated":true}]}}